{"id":274,"date":"2026-05-08T13:43:05","date_gmt":"2026-05-08T11:43:05","guid":{"rendered":"https:\/\/bhtnordborr.se\/?page_id=274"},"modified":"2026-05-08T13:43:05","modified_gmt":"2026-05-08T11:43:05","slug":"jobba-hos-oss","status":"publish","type":"page","link":"https:\/\/bhtnordborr.se\/?page_id=274","title":{"rendered":"Jobba hos oss"},"content":{"rendered":"\n<p>Vad roligt att du har hittat hit och \u00e4r nyfiken p\u00e5 hur det \u00e4r att jobba hos oss. Vill du arbeta i ett stabilt f\u00f6retag tillsammans med yrkesskickliga kollegor? D\u00e5 har du hittat r\u00e4tt. P\u00e5 den h\u00e4r sidan finns information om lediga jobb och vad det inneb\u00e4r att jobba som betongh\u00e5ltagare. <\/p>\n\n\n\n<div class=\"wp-block-buttons is-layout-flex wp-block-buttons-is-layout-flex\">\n<div class=\"wp-block-button\"><a class=\"wp-block-button__link wp-element-button\" href=\"https:\/\/arbetsformedlingen.se\/platsbanken\/annonser\/31003896\">Lediga jobb<\/a><\/div>\n<\/div>\n\n\n\n<div class=\"wp-block-columns is-layout-flex wp-container-core-columns-is-layout-9d6595d7 wp-block-columns-is-layout-flex\">\n<div class=\"wp-block-column is-layout-flow wp-block-column-is-layout-flow\"><\/div>\n\n\n\n<div class=\"wp-block-column is-layout-flow wp-block-column-is-layout-flow\"><\/div>\n<\/div>\n\n\n\n<h2 class=\"wp-block-heading\">Att jobba som betongh\u00e5ltagare<\/h2>\n\n\n\n<div class=\"wp-block-columns is-layout-flex wp-container-core-columns-is-layout-9d6595d7 wp-block-columns-is-layout-flex\">\n<div class=\"wp-block-column is-layout-flow wp-block-column-is-layout-flow\">\n<p>Att jobba som betongh\u00e5ltagare \u00e4r ett varierat och praktiskt yrke d\u00e4r ingen dag \u00e4r den andra lik. Arbetet inneb\u00e4r att man borrar, s\u00e5gar och river i betong med hj\u00e4lp av de nyaste maskinerna och verktygen p\u00e5 marknaden. Tekniken utvecklas hela tiden, vilket g\u00f6r jobbet b\u00e5de modernt och sp\u00e4nnande f\u00f6r den som gillar att arbeta med avancerad utrustning.<\/p>\n\n\n\n<p>Yrket kr\u00e4ver god fysik eftersom arbetet ofta \u00e4r tungt och sker i olika milj\u00f6er, b\u00e5de inomhus och utomhus. Samtidigt \u00e4r det viktigaste att ha r\u00e4tt inst\u00e4llning \u2013 att vara ansvarstagande, l\u00f6sningsorienterad och vilja utvecklas i sitt arbete.<\/p>\n\n\n\n<p>Som betongh\u00e5ltagare tr\u00e4ffar man m\u00e5nga m\u00e4nniskor i vardagen. Kontakten med kunder \u00e4r en viktig del av jobbet, samtidigt som man samarbetar n\u00e4ra kollegor och andra yrkeskategorier p\u00e5 byggarbetsplatsen. Det g\u00f6r arbetet socialt och bidrar till en stark lagk\u00e4nsla.<\/p>\n\n\n\n<p>P\u00e5 BHT arbetar vi \u00f6ver ett stort geografiskt omr\u00e5de s\u00e5 det \u00e4r viktigt att vara positivt inst\u00e4lld till resor i jobbet.<\/p>\n<\/div>\n\n\n\n<div class=\"wp-block-column is-layout-flow wp-block-column-is-layout-flow\">\n<figure class=\"wp-block-image size-large is-resized\"><img loading=\"lazy\" decoding=\"async\" width=\"768\" height=\"1024\" src=\"https:\/\/bhtnordborr.se\/wp-content\/uploads\/2026\/05\/486267709_694262196471806_3724829896932467357_n-768x1024.jpg\" alt=\"\" class=\"wp-image-276\" style=\"aspect-ratio:0.7500102978127445;width:303px;height:auto\" srcset=\"https:\/\/bhtnordborr.se\/wp-content\/uploads\/2026\/05\/486267709_694262196471806_3724829896932467357_n-768x1024.jpg 768w, https:\/\/bhtnordborr.se\/wp-content\/uploads\/2026\/05\/486267709_694262196471806_3724829896932467357_n-225x300.jpg 225w, https:\/\/bhtnordborr.se\/wp-content\/uploads\/2026\/05\/486267709_694262196471806_3724829896932467357_n-1152x1536.jpg 1152w, https:\/\/bhtnordborr.se\/wp-content\/uploads\/2026\/05\/486267709_694262196471806_3724829896932467357_n.jpg 1512w\" sizes=\"auto, (max-width: 768px) 100vw, 768px\" \/><\/figure>\n<\/div>\n<\/div>\n","protected":false},"excerpt":{"rendered":"<p>Vad roligt att du har hittat hit och \u00e4r nyfiken p\u00e5 hur det \u00e4r att jobba hos oss. Vill du arbeta i ett stabilt f\u00f6retag tillsammans med yrkesskickliga kollegor? D\u00e5 har du hittat r\u00e4tt. P\u00e5 den h\u00e4r sidan finns information om lediga jobb och vad det inneb\u00e4r att jobba som betongh\u00e5ltagare. Att jobba som betongh\u00e5ltagare&hellip;&nbsp;<a href=\"https:\/\/bhtnordborr.se\/?page_id=274\" rel=\"bookmark\">L\u00e4s mer &raquo;<span class=\"screen-reader-text\">Jobba hos oss<\/span><\/a><\/p>\n","protected":false},"author":2,"featured_media":0,"parent":0,"menu_order":0,"comment_status":"closed","ping_status":"closed","template":"","meta":{"neve_meta_sidebar":"","neve_meta_container":"","neve_meta_enable_content_width":"","neve_meta_content_width":0,"neve_meta_title_alignment":"","neve_meta_author_avatar":"","neve_post_elements_order":"","neve_meta_disable_header":"","neve_meta_disable_footer":"","neve_meta_disable_title":"","footnotes":""},"class_list":["post-274","page","type-page","status-publish","hentry"],"_links":{"self":[{"href":"https:\/\/bhtnordborr.se\/index.php?rest_route=\/wp\/v2\/pages\/274","targetHints":{"allow":["GET"]}}],"collection":[{"href":"https:\/\/bhtnordborr.se\/index.php?rest_route=\/wp\/v2\/pages"}],"about":[{"href":"https:\/\/bhtnordborr.se\/index.php?rest_route=\/wp\/v2\/types\/page"}],"author":[{"embeddable":true,"href":"https:\/\/bhtnordborr.se\/index.php?rest_route=\/wp\/v2\/users\/2"}],"replies":[{"embeddable":true,"href":"https:\/\/bhtnordborr.se\/index.php?rest_route=%2Fwp%2Fv2%2Fcomments&post=274"}],"version-history":[{"count":2,"href":"https:\/\/bhtnordborr.se\/index.php?rest_route=\/wp\/v2\/pages\/274\/revisions"}],"predecessor-version":[{"id":278,"href":"https:\/\/bhtnordborr.se\/index.php?rest_route=\/wp\/v2\/pages\/274\/revisions\/278"}],"wp:attachment":[{"href":"https:\/\/bhtnordborr.se\/index.php?rest_route=%2Fwp%2Fv2%2Fmedia&parent=274"}],"curies":[{"name":"wp","href":"https:\/\/api.w.org\/{rel}","templated":true}]}}